{"id":19373,"date":"2022-07-24T10:20:58","date_gmt":"2022-07-24T10:20:58","guid":{"rendered":"https:\/\/smileup.us\/?post_type=product&#038;p=19373"},"modified":"2026-04-13T20:52:52","modified_gmt":"2026-04-13T16:52:52","slug":"wireless-teeth-whitening-kit","status":"publish","type":"product","link":"https:\/\/smileup.us\/fr\/produit\/wireless-teeth-whitening-kit\/","title":{"rendered":"Kit de blanchiment des dents sans fil"},"content":{"rendered":"<h4>Fonctionnalit\u00e9s<\/h4>\n<ul>\n<li>\n<h6><strong>32 LED:<\/strong> 16 lumi\u00e8re rouge pour r\u00e9duire la sensibilit\u00e9 des dents \/ 16 lumi\u00e8re bleue pour le blanchiment des dents<\/h6>\n<\/li>\n<li>\n<h6>La combinaison de la lumi\u00e8re rouge et bleue produit une st\u00e9rilisation et une d\u00e9sodorisation suppl\u00e9mentaires<\/h6>\n<\/li>\n<li>\n<h6><strong>Touch technology:<\/strong> appuyez sur le bouton allumer pendant 2 secondes pour allumer\/\u00e9teindre, 5 secondes pour changer les modes de couleur<\/h6>\n<\/li>\n<li>\n<h6>Durable, mode, imperm\u00e9able<\/h6>\n<\/li>\n<\/ul>\n<h6><strong>Le kit contient :<\/strong> 1 lampe LED rechargeable, 1 adaptateur sans fil, 3 stylos de 2 ml, 1 carte d'ombrage, 1 manuel d'utilisation.<\/h6>\n<h6><strong>Ingr\u00e9dients:<\/strong> Sorbitol, eau, acide phtalimidoperoxycapro\u00efque, propyl\u00e8ne glycol, glyc\u00e9rine, nitrate de potassium, PEG-8, hydroxyapatite, gomme de cellulose, hydroxy\u00e9thylcellulose, gomme de xanthane, ar\u00f4me, saccharine de sodium, m\u00e9thylparab\u00e8ne, bicarbonate de sodium, extrait de feuille d'Aloe Barbadensis (Aloe Vera), Chamomilla Recutita Extrait de fleur (camomille), extrait de graine de Punica Granatum (grenade), propylparab\u00e8ne.<\/h6>\n<h6><strong>Temps de traitement\u00a0:<\/strong> 16 minutes (minuterie automatique).<\/h6>\n<p>&nbsp;<\/p>\n<p><iframe title=\"demmi 2.mp4\" src=\"https:\/\/player.vimeo.com\/video\/733525382?dnt=1&amp;app_id=122963\" width=\"1290\" height=\"726\" frameborder=\"0\" allow=\"autoplay; fullscreen; picture-in-picture\"><\/iframe><\/p>\n<p><img fetchpriority=\"high\" decoding=\"async\" class=\"alignnone wp-image-19378 size-full\" src=\"https:\/\/smileup.us\/wp-content\/uploads\/2022\/07\/SU-catalog-publicWireless_Page_3-2-scaled.jpg\" alt=\"\" width=\"1828\" height=\"2560\" srcset=\"https:\/\/smileup.us\/wp-content\/uploads\/2022\/07\/SU-catalog-publicWireless_Page_3-2-scaled.jpg 1828w, https:\/\/smileup.us\/wp-content\/uploads\/2022\/07\/SU-catalog-publicWireless_Page_3-2-scaled-600x840.jpg 600w, https:\/\/smileup.us\/wp-content\/uploads\/2022\/07\/SU-catalog-publicWireless_Page_3-2-214x300.jpg 214w, https:\/\/smileup.us\/wp-content\/uploads\/2022\/07\/SU-catalog-publicWireless_Page_3-2-731x1024.jpg 731w, https:\/\/smileup.us\/wp-content\/uploads\/2022\/07\/SU-catalog-publicWireless_Page_3-2-768x1076.jpg 768w, https:\/\/smileup.us\/wp-content\/uploads\/2022\/07\/SU-catalog-publicWireless_Page_3-2-1097x1536.jpg 1097w, https:\/\/smileup.us\/wp-content\/uploads\/2022\/07\/SU-catalog-publicWireless_Page_3-2-1462x2048.jpg 1462w, https:\/\/smileup.us\/wp-content\/uploads\/2022\/07\/SU-catalog-publicWireless_Page_3-2-9x12.jpg 9w, https:\/\/smileup.us\/wp-content\/uploads\/2022\/07\/SU-catalog-publicWireless_Page_3-2-370x518.jpg 370w, https:\/\/smileup.us\/wp-content\/uploads\/2022\/07\/SU-catalog-publicWireless_Page_3-2-840x1176.jpg 840w, https:\/\/smileup.us\/wp-content\/uploads\/2022\/07\/SU-catalog-publicWireless_Page_3-2-410x574.jpg 410w\" sizes=\"(max-width: 1828px) 100vw, 1828px\" \/><\/p>\n<p><iframe title=\"wireless smile up.mp4\" src=\"https:\/\/player.vimeo.com\/video\/733525494?dnt=1&amp;app_id=122963\" width=\"1290\" height=\"726\" frameborder=\"0\" allow=\"autoplay; fullscreen; picture-in-picture\"><\/iframe><\/p>\n<p>&nbsp;<\/p>\n<p>&nbsp;<\/p>","protected":false},"excerpt":{"rendered":"<h4>Technologie Dual Light, blanchit et d\u00e9sensibilise les dents<\/h4>\n<h6>Les appareils de blanchiment Smile up adoptent une technologie sp\u00e9ciale de lumi\u00e8re froide, combin\u00e9e \u00e0 un embout buccal et \u00e0 une lumi\u00e8re froide de haute intensit\u00e9. Le rayon bleu r\u00e9agit avec le gel blanchissant, qui peut \u00e9liminer les taches coll\u00e9es \u00e0 la surface des dents.<\/h6>","protected":false},"featured_media":19957,"comment_status":"open","ping_status":"closed","template":"","meta":[],"product_cat":[266,74],"product_tag":[250,251,265,255,252,179,249],"class_list":{"0":"post-19373","1":"product","2":"type-product","3":"status-publish","4":"has-post-thumbnail","6":"product_cat-featured","7":"product_cat-teeth-whitening","8":"product_tag-cold-light","9":"product_tag-dual-light","10":"product_tag-featured","11":"product_tag-teeth-whitening","12":"product_tag-touch-technology","13":"product_tag-whitening-kit","14":"product_tag-wireless","16":"first","17":"instock","18":"taxable","19":"shipping-taxable","20":"purchasable","21":"product-type-simple"},"_links":{"self":[{"href":"https:\/\/smileup.us\/fr\/wp-json\/wp\/v2\/product\/19373","targetHints":{"allow":["GET"]}}],"collection":[{"href":"https:\/\/smileup.us\/fr\/wp-json\/wp\/v2\/product"}],"about":[{"href":"https:\/\/smileup.us\/fr\/wp-json\/wp\/v2\/types\/product"}],"replies":[{"embeddable":true,"href":"https:\/\/smileup.us\/fr\/wp-json\/wp\/v2\/comments?post=19373"}],"wp:featuredmedia":[{"embeddable":true,"href":"https:\/\/smileup.us\/fr\/wp-json\/wp\/v2\/media\/19957"}],"wp:attachment":[{"href":"https:\/\/smileup.us\/fr\/wp-json\/wp\/v2\/media?parent=19373"}],"wp:term":[{"taxonomy":"product_cat","embeddable":true,"href":"https:\/\/smileup.us\/fr\/wp-json\/wp\/v2\/product_cat?post=19373"},{"taxonomy":"product_tag","embeddable":true,"href":"https:\/\/smileup.us\/fr\/wp-json\/wp\/v2\/product_tag?post=19373"}],"curies":[{"name":"wp","href":"https:\/\/api.w.org\/{rel}","templated":true}]}}