{"id":2377,"date":"2020-05-12T12:18:04","date_gmt":"2020-05-12T12:18:04","guid":{"rendered":"https:\/\/jmteleservices.mu\/smileup.us\/?post_type=product&#038;p=2377"},"modified":"2026-03-31T12:19:13","modified_gmt":"2026-03-31T08:19:13","slug":"battery-teeth-whitening-kit","status":"publish","type":"product","link":"https:\/\/smileup.us\/fr\/produit\/battery-teeth-whitening-kit\/","title":{"rendered":"Kit de blanchiment des dents \u00e0 batterie"},"content":{"rendered":"<h6><strong>Le kit contient :<\/strong> 1 prot\u00e8ge-dents sans BPA, 5 lampes LED, 3 seringues de 3 ml, 3 embouts de remplacement, 1 carte d'ombrage, 1 manuel d'utilisation.<br \/>\n<strong>Caract\u00e9ristique:<\/strong> Portable, usage domestique<br \/>\n<strong>Temps de traitement\u00a0:<\/strong> 30 minutes<\/h6>\n<p><img fetchpriority=\"high\" decoding=\"async\" class=\"alignnone wp-image-19372 size-full\" src=\"https:\/\/smileup.us\/wp-content\/uploads\/2020\/05\/SU-catalog-public00-2-scaled.jpg\" alt=\"\" width=\"1911\" height=\"2560\" srcset=\"https:\/\/smileup.us\/wp-content\/uploads\/2020\/05\/SU-catalog-public00-2-scaled.jpg 1911w, https:\/\/smileup.us\/wp-content\/uploads\/2020\/05\/SU-catalog-public00-2-scaled-600x804.jpg 600w, https:\/\/smileup.us\/wp-content\/uploads\/2020\/05\/SU-catalog-public00-2-224x300.jpg 224w, https:\/\/smileup.us\/wp-content\/uploads\/2020\/05\/SU-catalog-public00-2-764x1024.jpg 764w, https:\/\/smileup.us\/wp-content\/uploads\/2020\/05\/SU-catalog-public00-2-768x1029.jpg 768w, https:\/\/smileup.us\/wp-content\/uploads\/2020\/05\/SU-catalog-public00-2-1146x1536.jpg 1146w, https:\/\/smileup.us\/wp-content\/uploads\/2020\/05\/SU-catalog-public00-2-1529x2048.jpg 1529w, https:\/\/smileup.us\/wp-content\/uploads\/2020\/05\/SU-catalog-public00-2-9x12.jpg 9w, https:\/\/smileup.us\/wp-content\/uploads\/2020\/05\/SU-catalog-public00-2-370x496.jpg 370w, https:\/\/smileup.us\/wp-content\/uploads\/2020\/05\/SU-catalog-public00-2-840x1125.jpg 840w, https:\/\/smileup.us\/wp-content\/uploads\/2020\/05\/SU-catalog-public00-2-410x549.jpg 410w\" sizes=\"(max-width: 1911px) 100vw, 1911px\" \/><\/p>","protected":false},"excerpt":{"rendered":"<h4>Cold Light Technology<\/h4>\n<h6>Les appareils de blanchiment Smile up adoptent une technologie sp\u00e9ciale de lumi\u00e8re froide, combin\u00e9e \u00e0 un embout buccal et \u00e0 une lumi\u00e8re froide de haute intensit\u00e9. Le rayon bleu r\u00e9agit avec le gel blanchissant, qui peut \u00e9liminer les taches coll\u00e9es \u00e0 la surface des dents.<\/h6>","protected":false},"featured_media":19248,"comment_status":"open","ping_status":"closed","template":"","meta":[],"product_cat":[266,74],"product_tag":[178,250,265,255,179],"class_list":{"0":"post-2377","1":"product","2":"type-product","3":"status-publish","4":"has-post-thumbnail","6":"product_cat-featured","7":"product_cat-teeth-whitening","8":"product_tag-battery","9":"product_tag-cold-light","10":"product_tag-featured","11":"product_tag-teeth-whitening","12":"product_tag-whitening-kit","14":"first","15":"instock","16":"taxable","17":"shipping-taxable","18":"purchasable","19":"product-type-simple"},"_links":{"self":[{"href":"https:\/\/smileup.us\/fr\/wp-json\/wp\/v2\/product\/2377","targetHints":{"allow":["GET"]}}],"collection":[{"href":"https:\/\/smileup.us\/fr\/wp-json\/wp\/v2\/product"}],"about":[{"href":"https:\/\/smileup.us\/fr\/wp-json\/wp\/v2\/types\/product"}],"replies":[{"embeddable":true,"href":"https:\/\/smileup.us\/fr\/wp-json\/wp\/v2\/comments?post=2377"}],"wp:featuredmedia":[{"embeddable":true,"href":"https:\/\/smileup.us\/fr\/wp-json\/wp\/v2\/media\/19248"}],"wp:attachment":[{"href":"https:\/\/smileup.us\/fr\/wp-json\/wp\/v2\/media?parent=2377"}],"wp:term":[{"taxonomy":"product_cat","embeddable":true,"href":"https:\/\/smileup.us\/fr\/wp-json\/wp\/v2\/product_cat?post=2377"},{"taxonomy":"product_tag","embeddable":true,"href":"https:\/\/smileup.us\/fr\/wp-json\/wp\/v2\/product_tag?post=2377"}],"curies":[{"name":"wp","href":"https:\/\/api.w.org\/{rel}","templated":true}]}}